{"id":26,"date":"2016-11-23T10:52:56","date_gmt":"2016-11-23T10:52:56","guid":{"rendered":"http:\/\/rohtronic.de\/?page_id=26"},"modified":"2016-11-23T10:52:56","modified_gmt":"2016-11-23T10:52:56","slug":"impessum","status":"publish","type":"page","link":"https:\/\/rohtronic.de\/?page_id=26","title":{"rendered":"Impessum"},"content":{"rendered":"<p><strong>Impressum\/Kontakt<\/strong><\/p>\n<p>Michael Rohrer<br \/>\nAm Alten Weiher 25<br \/>\n87650 Baisweil<br \/>\n<strong>F\u00fcr Textinhalte verantwortlich gem\u00e4\u00df \u00a755 Abs. 2 RStV:<\/strong><\/p>\n<p>\u00a9 Michael Rohrer<br \/>\neMail: rohrerm[at]rohtronic.de<\/p>\n<p><strong>Fotos und Bildmaterial:<\/strong><\/p>\n<p>\u00a9 Carolin Kustermann<br \/>\neMail: caro[at]ck-fotos.de<\/p>\n<p><strong>Technische Umsetzung und Betreuung:<\/strong><\/p>\n<p>Michael Rohrer<br \/>\neMail: webmaster[at]rohtronic.de<\/p>\n<p><strong>\u00a0<\/strong><\/p>\n<p><strong>Haftung f\u00fcr Inhalte:<br \/>\n<\/strong>Die Inhalte unserer Seiten wurden mit gr\u00f6\u00dfter Sorgfalt erstellt. F\u00fcr die Richtigkeit, Vollst\u00e4ndigkeit und Aktualit\u00e4t der Inhalte k\u00f6nnen wir jedoch keine Gew\u00e4hr \u00fcbernehmen.<\/p>\n<p><strong>Haftung f\u00fcr Links:<br \/>\n<\/strong>Unser Angebot enth\u00e4lt Links zu externen Webseiten Dritter, auf deren Inhalte wir keinen Einfluss haben. Deshalb k\u00f6nnen wir f\u00fcr diese fremden Inhalte auch keine Gew\u00e4hr \u00fcbernehmen. F\u00fcr die Inhalte der verlinkten Seiten ist stets der jeweilige Anbieter oder Betreiber der Seiten verantwortlich. Die verlinkten Seiten wurden zum Zeitpunkt der Verlinkung auf m\u00f6gliche Rechtsverst\u00f6\u00dfe \u00fcberpr\u00fcft. Rechtswidrige Inhalte waren zum Zeitpunkt der Verlinkung nicht erkennbar. Eine permanente inhaltliche Kontrolle der verlinkten Seiten ist jedoch ohne konkrete Anhaltspunkte einer Rechtsverletzung nicht zumutbar. Bei bekannt werden von Rechtsverletzungen werden wir derartige Links umgehend entfernen.<\/p>\n<p><strong>Datenschutzerkl\u00e4rung:<br \/>\n<\/strong>Der Schutz Ihrer personenbezogenen Daten bei der Erhebung, Verarbeitung und Nutzung anl\u00e4sslich Ihres Besuchs auf unserer Homepage ist uns ein wichtiges Anliegen. Ihre Daten werden im Rahmen der gesetzlichen Vorschriften gesch\u00fctzt. Nachfolgend finden Sie Informationen, welche Daten w\u00e4hrend Ihres Besuchs auf der Homepage erfasst und wie diese genutzt werden:<\/p>\n<p><strong>Erhebung und Verarbeitung von Daten:<br \/>\n<\/strong>Jeder Zugriff auf unsere Homepage und jeder Abruf einer auf der Homepage hinterlegten Datei werden protokolliert. Die Speicherung dient internen systembezogenen und statistischen Zwecken. Protokolliert werden: Name der abgerufenen Datei, Datum und Uhrzeit des Abrufs, \u00fcbertragene Datenmenge, Meldung \u00fcber erfolgreichen Abruf, Webbrowser und anfragende Domain.\u00a0Weitergehende personenbezogene Daten werden nur erfasst, wenn Sie diese Angaben freiwillig gemacht machen.<\/p>\n<p><strong>Nutzung und Weitergabe personenbezogener Daten:<br \/>\n<\/strong>Soweit Sie uns personenbezogene Daten zur Verf\u00fcgung gestellt haben, verwenden wir diese nur zur Beantwortung Ihrer Anfragen, zur Abwicklung mit Ihnen geschlossener Vertr\u00e4ge und f\u00fcr die technische Administration.\u00a0Ihre personenbezogenen Daten werden an Dritte nur weitergegeben oder sonst \u00fcbermittelt, wenn dies zum Zwecke der Vertragsabwicklung oder zu Abrechnungszwecken erforderlich ist oder Sie zuvor eingewilligt haben. Sie haben das Recht, eine erteilte Einwilligung mit Wirkung f\u00fcr die Zukunft jederzeit zu widerrufen.\u00a0Die L\u00f6schung der gespeicherten personenbezogenen Daten erfolgt, wenn Sie Ihre Einwilligung zur Speicherung widerrufen, wenn ihre Kenntnis zur Erf\u00fcllung des mit der Speicherung verfolgten Zwecks nicht mehr erforderlich ist oder wenn ihre Speicherung aus sonstigen gesetzlichen Gr\u00fcnden unzul\u00e4ssig ist.<\/p>\n<p><strong>Auskunftsrecht:<br \/>\n<\/strong>Auf schriftliche Anfrage werden wir Sie gern \u00fcber die zu Ihrer Person gespeicherten Daten informieren.<\/p>\n<p><strong>Sicherheitshinweis:<br \/>\n<\/strong>Wir sind bem\u00fcht, Ihre personenbezogenen Daten durch Ergreifung aller technischen und organisatorischen M\u00f6glichkeiten so zu speichern, dass sie f\u00fcr Dritte nicht zug\u00e4nglich sind. Bei der Kommunikation per E Mail kann die vollst\u00e4ndige Datensicherheit von uns nicht gew\u00e4hrleistet werden, so dass wir Ihnen bei vertraulichen Informationen den Postweg empfehlen.<\/p>\n","protected":false},"excerpt":{"rendered":"<p>Impressum\/Kontakt Michael Rohrer Am Alten Weiher 25 87650 Baisweil F\u00fcr Textinhalte verantwortlich gem\u00e4\u00df \u00a755 Abs. 2 RStV: \u00a9 Michael Rohrer eMail: rohrerm[at]rohtronic.de Fotos und Bildmaterial: \u00a9 Carolin Kustermann eMail: caro[at]ck-fotos.de Technische Umsetzung und Betreuung: Michael Rohrer eMail: webmaster[at]rohtronic.de \u00a0 Haftung f\u00fcr Inhalte: Die Inhalte unserer Seiten wurden mit gr\u00f6\u00dfter Sorgfalt erstellt. F\u00fcr die Richtigkeit, Vollst\u00e4ndigkeit [&hellip;]<\/p>\n","protected":false},"author":1,"featured_media":0,"parent":0,"menu_order":0,"comment_status":"closed","ping_status":"closed","template":"","meta":[],"_links":{"self":[{"href":"https:\/\/rohtronic.de\/index.php?rest_route=\/wp\/v2\/pages\/26"}],"collection":[{"href":"https:\/\/rohtronic.de\/index.php?rest_route=\/wp\/v2\/pages"}],"about":[{"href":"https:\/\/rohtronic.de\/index.php?rest_route=\/wp\/v2\/types\/page"}],"author":[{"embeddable":true,"href":"https:\/\/rohtronic.de\/index.php?rest_route=\/wp\/v2\/users\/1"}],"replies":[{"embeddable":true,"href":"https:\/\/rohtronic.de\/index.php?rest_route=%2Fwp%2Fv2%2Fcomments&post=26"}],"version-history":[{"count":1,"href":"https:\/\/rohtronic.de\/index.php?rest_route=\/wp\/v2\/pages\/26\/revisions"}],"predecessor-version":[{"id":27,"href":"https:\/\/rohtronic.de\/index.php?rest_route=\/wp\/v2\/pages\/26\/revisions\/27"}],"wp:attachment":[{"href":"https:\/\/rohtronic.de\/index.php?rest_route=%2Fwp%2Fv2%2Fmedia&parent=26"}],"curies":[{"name":"wp","href":"https:\/\/api.w.org\/{rel}","templated":true}]}}